{"id":1355,"date":"2025-02-01T21:21:25","date_gmt":"2025-02-01T21:21:25","guid":{"rendered":"https:\/\/geminove.com\/?page_id=1355"},"modified":"2025-04-24T09:38:27","modified_gmt":"2025-04-24T09:38:27","slug":"communaute","status":"publish","type":"page","link":"https:\/\/geminove.com\/en\/blog\/communaute\/","title":{"rendered":"Community"},"content":{"rendered":"<p>[et_pb_section fb_built=\u00a0\u00bb1&Prime; disabled_on=\u00a0\u00bboff|off|on\u00a0\u00bb _builder_version=\u00a0\u00bb4.27.4&Prime; _module_preset=\u00a0\u00bbdefault\u00a0\u00bb background_color=\u00a0\u00bb#f4f4f4&Prime; overflow-x=\u00a0\u00bbhidden\u00a0\u00bb overflow-y=\u00a0\u00bbhidden\u00a0\u00bb custom_padding=\u00a0\u00bb||3px|||\u00a0\u00bb da_disable_devices=\u00a0\u00bboff|off|off\u00a0\u00bb global_colors_info=\u00a0\u00bb{}\u00a0\u00bb da_is_popup=\u00a0\u00bboff\u00a0\u00bb da_exit_intent=\u00a0\u00bboff\u00a0\u00bb da_has_close=\u00a0\u00bbon\u00a0\u00bb da_alt_close=\u00a0\u00bboff\u00a0\u00bb da_dark_close=\u00a0\u00bboff\u00a0\u00bb da_not_modal=\u00a0\u00bbon\u00a0\u00bb da_is_singular=\u00a0\u00bboff\u00a0\u00bb da_with_loader=\u00a0\u00bboff\u00a0\u00bb da_has_shadow=\u00a0\u00bbon\u00a0\u00bb][et_pb_row _builder_version=\u00a0\u00bb4.27.4&Prime; _module_preset=\u00a0\u00bbdefault\u00a0\u00bb width=\u00a0\u00bb90%\u00a0\u00bb custom_padding=\u00a0\u00bb8px||5px|||\u00a0\u00bb global_colors_info=\u00a0\u00bb{}\u00a0\u00bb][et_pb_column type=\u00a0\u00bb4_4&Prime; _builder_version=\u00a0\u00bb4.27.4&Prime; _module_preset=\u00a0\u00bbdefault\u00a0\u00bb global_colors_info=\u00a0\u00bb{}\u00a0\u00bb][et_pb_text _builder_version=\u00a0\u00bb4.27.4&Prime; _module_preset=\u00a0\u00bbdefault\u00a0\u00bb text_font=\u00a0\u00bbQuestrial|700|||||||\u00a0\u00bb text_text_color=\u00a0\u00bb#000000&Prime; text_font_size=\u00a0\u00bb24px\u00a0\u00bb text_line_height=\u00a0\u00bb1.2em\u00a0\u00bb custom_margin=\u00a0\u00bb4px||12px|||\u00a0\u00bb text_text_shadow_style=\u00a0\u00bbpreset3&Prime; text_text_shadow_color=\u00a0\u00bbrgba(0,0,0,0.05)\u00a0\u00bb global_colors_info=\u00a0\u00bb{}\u00a0\u00bb]<\/p>\n<p class=\"p1\" style=\"text-align: center;\"><b>Geminove Learning<\/b><\/p>\n<p>[\/et_pb_text][et_pb_text _builder_version=\u00a0\u00bb4.27.4&Prime; _module_preset=\u00a0\u00bbdefault\u00a0\u00bb text_line_height=\u00a0\u00bb1.2em\u00a0\u00bb module_alignment=\u00a0\u00bbcenter\u00a0\u00bb custom_margin=\u00a0\u00bb||1px|||\u00a0\u00bb global_colors_info=\u00a0\u00bb{}\u00a0\u00bb]<\/p>\n<p class=\"p1\" style=\"text-align: center;\">Explorez des articles pens\u00e9s pour inspirer<br \/>et guider les bijoutiers.<\/p>\n<p>[\/et_pb_text][\/et_pb_column][\/et_pb_row][et_pb_row module_class=\u00a0\u00bbscrollable-section\u00a0\u00bb _builder_version=\u00a0\u00bb4.27.4&Prime; _module_preset=\u00a0\u00bbdefault\u00a0\u00bb z_index=\u00a0\u00bb29&Prime; width=\u00a0\u00bb100%\u00a0\u00bb max_width=\u00a0\u00bb100%\u00a0\u00bb global_colors_info=\u00a0\u00bb{}\u00a0\u00bb][et_pb_column type=\u00a0\u00bb4_4&Prime; _builder_version=\u00a0\u00bb4.27.4&Prime; _module_preset=\u00a0\u00bbdefault\u00a0\u00bb global_colors_info=\u00a0\u00bb{}\u00a0\u00bb][et_pb_code _builder_version=\u00a0\u00bb4.27.4&Prime; _module_preset=\u00a0\u00bbdefault\u00a0\u00bb overflow-x=\u00a0\u00bbscroll\u00a0\u00bb custom_margin=\u00a0\u00bb0px|-590px|||false|false\u00a0\u00bb custom_margin_tablet=\u00a0\u00bb|-250px|||false|false\u00a0\u00bb custom_margin_phone=\u00a0\u00bb|-685px|||false|false\u00a0\u00bb custom_margin_last_edited=\u00a0\u00bbon|phone\u00a0\u00bb custom_css_main_element=\u00a0\u00bb.custom-nav {||  display: flex;||  justify-content: right;||  align-items: center;||  padding: 10px;||}||||.custom-nav-list {||  display: flex;||  list-style: none;||  gap: 10px;||  padding: 0;||  margin: 0;||}||||.nav-link {||  display: flex;||  align-items: center;||  justify-content: center;||  padding: 8px 15px;||  text-decoration: none;||  font-size: 14px;||  font-weight: 600;||  color: #555555;||  background: #FFFF;||  border-radius: 50px;||  border: 1px solid #ededed;||  transition: all 0.3s ease;||}||||.nav-link:hover {||  background: #e0e0e0;||  border-color: #b0b0b0;||}||||.nav-link.active {||  background: #E2FBE8; \/* Couleur de fond *\/||  color: #639B6A; \/* Couleur du texte *\/||  border-color: #ededed; \/* Bordure assortie *\/||\tfont-weight: bold !important; \/* Texte en gras *\/||}\u00a0\u00bb global_colors_info=\u00a0\u00bb{}\u00a0\u00bb overflow-x__hover_enabled=\u00a0\u00bbon|hover\u00a0\u00bb overflow-x__hover=\u00a0\u00bbscroll\u00a0\u00bb]<\/p>\n<div class=\"custom-nav\"><!-- [et_pb_line_break_holder] -->  <\/p>\n<ul class=\"custom-nav-list\"><!-- [et_pb_line_break_holder] -->    <\/p>\n<li><!-- [et_pb_line_break_holder] -->      <a href=\"https:\/\/geminove.com\/en\/blog\/\" class=\"nav-link <!-- [et_pb_line_break_holder] -->        <?php <!-- [et_pb_line_break_holder] -->          \/\/ Active uniquement si on est sur \/blog\/ SANS sous-page<!-- [et_pb_line_break_holder] -->          echo ($_SERVER[&lsquo;REQUEST_URI&rsquo;] === &lsquo;\/blog\/&rsquo; ? &lsquo;active&rsquo; : \u00a0\u00bb);<!-- [et_pb_line_break_holder] -->        ?>\u00a0\u00bb><!-- [et_pb_line_break_holder] -->        Tous les articles<!-- [et_pb_line_break_holder] -->      <\/a><!-- [et_pb_line_break_holder] -->    <\/li><p><!-- [et_pb_line_break_holder] -->    <\/p><li><!-- [et_pb_line_break_holder] -->      <a href=\"https:>        <?php echo ($_SERVER['REQUEST_URI'] === '\/blog\/achat\/' ? 'active' : ''); ?>\u00ab\u00a0><!-- [et_pb_line_break_holder] -->        Purchase | Ordering Diamonds<!-- [et_pb_line_break_holder] -->      <\/a><!-- [et_pb_line_break_holder] -->    <\/li>\n<p><!-- [et_pb_line_break_holder] --><\/p>\n<li><!-- [et_pb_line_break_holder] -->      <a href=\"https:\/\/geminove.com\/en\/blog\/marche\/\" class=\"nav-link <!-- [et_pb_line_break_holder] -->        <?php echo ($_SERVER['REQUEST_URI'] === '\/blog\/marche\/' ? 'active' : ''); ?>\u00ab\u00a0><!-- [et_pb_line_break_holder] -->        March\u00e9 | Tendances &#038; Strat\u00e9gies<!-- [et_pb_line_break_holder] -->      <\/a><!-- [et_pb_line_break_holder] -->    <\/li><p><!-- [et_pb_line_break_holder] --><\/p><li><!-- [et_pb_line_break_holder] -->      <a href=\"https:>        <?php echo ($_SERVER['REQUEST_URI'] === '\/blog\/communaute\/' ? 'active' : ''); ?>\u00ab\u00a0><!-- [et_pb_line_break_holder] -->        Communaut\u00e9 | Cr\u00e9ateurs &#038; Marques B2B<!-- [et_pb_line_break_holder] -->      <\/a><!-- [et_pb_line_break_holder] -->    <\/li>\n<p><!-- [et_pb_line_break_holder] -->  <\/ul>\n<p><!-- [et_pb_line_break_holder] --><\/div>\n<p><!-- [et_pb_line_break_holder] --><!-- [et_pb_line_break_holder] --><script><!-- [et_pb_line_break_holder] -->document.addEventListener(\"DOMContentLoaded\", function() {<!-- [et_pb_line_break_holder] -->    const links = document.querySelectorAll(\".nav-link\");<!-- [et_pb_line_break_holder] -->    const currentPath = window.location.pathname; \/\/ R\u00e9cup\u00e8re l'URL sans le domaine<!-- [et_pb_line_break_holder] --><!-- [et_pb_line_break_holder] -->    links.forEach(link => {<!-- [et_pb_line_break_holder] -->        const linkPath = new URL(link.href).pathname; \/\/ R\u00e9cup\u00e8re uniquement le chemin du lien<!-- [et_pb_line_break_holder] --><!-- [et_pb_line_break_holder] -->        \/\/ Active le lien uniquement si l'URL correspond exactement<!-- [et_pb_line_break_holder] -->        if (currentPath === linkPath) {<!-- [et_pb_line_break_holder] -->            link.classList.add(\"active\");<!-- [et_pb_line_break_holder] -->        } else {<!-- [et_pb_line_break_holder] -->            link.classList.remove(\"active\");<!-- [et_pb_line_break_holder] -->        }<!-- [et_pb_line_break_holder] -->    });<!-- [et_pb_line_break_holder] -->});<!-- [et_pb_line_break_holder] --><\/script>[\/et_pb_code][\/et_pb_column][\/et_pb_row][\/et_pb_section][et_pb_section fb_built=\u00a0\u00bb1&Prime; disabled_on=\u00a0\u00bbon|on|off\u00a0\u00bb _builder_version=\u00a0\u00bb4.27.4&Prime; _module_preset=\u00a0\u00bbdefault\u00a0\u00bb background_color=\u00a0\u00bb#f4f4f4&Prime; custom_padding=\u00a0\u00bb||3px|||\u00a0\u00bb da_disable_devices=\u00a0\u00bboff|off|off\u00a0\u00bb global_colors_info=\u00a0\u00bb{}\u00a0\u00bb da_is_popup=\u00a0\u00bboff\u00a0\u00bb da_exit_intent=\u00a0\u00bboff\u00a0\u00bb da_has_close=\u00a0\u00bbon\u00a0\u00bb da_alt_close=\u00a0\u00bboff\u00a0\u00bb da_dark_close=\u00a0\u00bboff\u00a0\u00bb da_not_modal=\u00a0\u00bbon\u00a0\u00bb da_is_singular=\u00a0\u00bboff\u00a0\u00bb da_with_loader=\u00a0\u00bboff\u00a0\u00bb da_has_shadow=\u00a0\u00bbon\u00a0\u00bb][et_pb_row column_structure=\u00a0\u00bb1_2,1_2&Prime; _builder_version=\u00a0\u00bb4.27.4&Prime; _module_preset=\u00a0\u00bbdefault\u00a0\u00bb custom_padding=\u00a0\u00bb||5px|||\u00a0\u00bb global_colors_info=\u00a0\u00bb{}\u00a0\u00bb theme_builder_area=\u00a0\u00bbpost_content\u00a0\u00bb][et_pb_column type=\u00a0\u00bb1_2&Prime; _builder_version=\u00a0\u00bb4.27.4&Prime; _module_preset=\u00a0\u00bbdefault\u00a0\u00bb global_colors_info=\u00a0\u00bb{}\u00a0\u00bb theme_builder_area=\u00a0\u00bbpost_content\u00a0\u00bb][et_pb_text _builder_version=\u00a0\u00bb4.27.4&Prime; _module_preset=\u00a0\u00bbdefault\u00a0\u00bb text_font=\u00a0\u00bbManrope|700|||||||\u00a0\u00bb text_text_color=\u00a0\u00bb#000000&Prime; text_font_size=\u00a0\u00bb40px\u00a0\u00bb text_letter_spacing=\u00a0\u00bb-1px\u00a0\u00bb text_line_height=\u00a0\u00bb1.2em\u00a0\u00bb background_color=\u00a0\u00bb#f4f4f4&Prime; z_index=\u00a0\u00bb200&Prime; custom_margin=\u00a0\u00bb4px|-4px||||\u00a0\u00bb global_colors_info=\u00a0\u00bb{}\u00a0\u00bb theme_builder_area=\u00a0\u00bbpost_content\u00a0\u00bb]<\/p>\n<p class=\"p1\"><b>Geminove Learning<\/b><\/p>\n<p>[\/et_pb_text][\/et_pb_column][et_pb_column type=\u00a0\u00bb1_2&Prime; _builder_version=\u00a0\u00bb4.27.4&Prime; _module_preset=\u00a0\u00bbdefault\u00a0\u00bb global_colors_info=\u00a0\u00bb{}\u00a0\u00bb theme_builder_area=\u00a0\u00bbpost_content\u00a0\u00bb][et_pb_code _builder_version=\u00a0\u00bb4.27.4&Prime; _module_preset=\u00a0\u00bbdefault\u00a0\u00bb custom_margin=\u00a0\u00bb12px|||||\u00a0\u00bb global_colors_info=\u00a0\u00bb{}\u00a0\u00bb theme_builder_area=\u00a0\u00bbpost_content\u00a0\u00bb]<\/p>\n<style><!-- [et_pb_line_break_holder] -->.blog-category-bubbles {<!-- [et_pb_line_break_holder] -->  display: flex;<!-- [et_pb_line_break_holder] -->  gap: 12px;<!-- [et_pb_line_break_holder] -->  flex-wrap: wrap;<!-- [et_pb_line_break_holder] -->  justify-content: right;<!-- [et_pb_line_break_holder] -->  margin-bottom: 20px;<!-- [et_pb_line_break_holder] -->}<!-- [et_pb_line_break_holder] --><!-- [et_pb_line_break_holder] -->.blog-category-bubbles a {<!-- [et_pb_line_break_holder] -->  display: flex;<!-- [et_pb_line_break_holder] -->  align-items: center;<!-- [et_pb_line_break_holder] -->  justify-content: center;<!-- [et_pb_line_break_holder] -->  padding: 8px 15px;<!-- [et_pb_line_break_holder] -->  text-decoration: none;<!-- [et_pb_line_break_holder] -->  font-size: 14px;<!-- [et_pb_line_break_holder] -->  font-weight: 600;<!-- [et_pb_line_break_holder] -->  color: #555555;<!-- [et_pb_line_break_holder] -->  background: #FFFFFF;<!-- [et_pb_line_break_holder] -->  border-radius: 50px;<!-- [et_pb_line_break_holder] -->  border: 1px solid #ededed;<!-- [et_pb_line_break_holder] -->  transition: all 0.3s ease;<!-- [et_pb_line_break_holder] -->}<!-- [et_pb_line_break_holder] --><!-- [et_pb_line_break_holder] -->.blog-category-bubbles a.active {<!-- [et_pb_line_break_holder] -->  background: #E2FBE8;<!-- [et_pb_line_break_holder] -->  color: #639B6A;<!-- [et_pb_line_break_holder] -->  border-color: #ededed;<!-- [et_pb_line_break_holder] -->  font-weight: bold !important;<!-- [et_pb_line_break_holder] -->}<!-- [et_pb_line_break_holder] --><\/style>\n<p><!-- [et_pb_line_break_holder] --><!-- [et_pb_line_break_holder] --><\/p>\n<div class=\"blog-category-bubbles\"><!-- [et_pb_line_break_holder] -->  <a href=\"\/en\/blog\/\" class=\"bubble-link\" data-match=\"exact:\/blog\">All Articles<\/a><!-- [et_pb_line_break_holder] -->  <a href=\"\/en\/blog\/achat\/\" class=\"bubble-link\" data-match=\"\/blog\/achat\">Buying<\/a><!-- [et_pb_line_break_holder] -->  <a href=\"\/en\/blog\/marche\/\" class=\"bubble-link\" data-match=\"\/blog\/marche\">Market<\/a><!-- [et_pb_line_break_holder] -->  <a href=\"\/en\/blog\/communaute\/\" class=\"bubble-link\" data-match=\"\/blog\/communaute\">Community<\/a><!-- [et_pb_line_break_holder] --><\/div>\n<p><!-- [et_pb_line_break_holder] --><!-- [et_pb_line_break_holder] --><script><!-- [et_pb_line_break_holder] -->  const path = window.location.pathname;<!-- [et_pb_line_break_holder] --><!-- [et_pb_line_break_holder] -->  document.querySelectorAll('.bubble-link').forEach(link => {<!-- [et_pb_line_break_holder] -->    const match = link.dataset.match;<!-- [et_pb_line_break_holder] -->    <!-- [et_pb_line_break_holder] -->    if (match.startsWith('exact:')) {<!-- [et_pb_line_break_holder] -->      const exactPath = match.replace('exact:', '');<!-- [et_pb_line_break_holder] -->      if (path === exactPath || path === exactPath + '\/') {<!-- [et_pb_line_break_holder] -->        link.classList.add('active');<!-- [et_pb_line_break_holder] -->      }<!-- [et_pb_line_break_holder] -->    } else {<!-- [et_pb_line_break_holder] -->      if (path.startsWith(match)) {<!-- [et_pb_line_break_holder] -->        link.classList.add('active');<!-- [et_pb_line_break_holder] -->      }<!-- [et_pb_line_break_holder] -->    }<!-- [et_pb_line_break_holder] -->  });<!-- [et_pb_line_break_holder] --><\/script>[\/et_pb_code][\/et_pb_column][\/et_pb_row][\/et_pb_section][et_pb_section fb_built=\u00a0\u00bb1&Prime; _builder_version=\u00a0\u00bb4.27.4&Prime; _module_preset=\u00a0\u00bbdefault\u00a0\u00bb background_color=\u00a0\u00bb#f4f4f4&Prime; custom_padding=\u00a0\u00bb0px|||||\u00a0\u00bb da_disable_devices=\u00a0\u00bboff|off|off\u00a0\u00bb global_colors_info=\u00a0\u00bb{}\u00a0\u00bb da_is_popup=\u00a0\u00bboff\u00a0\u00bb da_exit_intent=\u00a0\u00bboff\u00a0\u00bb da_has_close=\u00a0\u00bbon\u00a0\u00bb da_alt_close=\u00a0\u00bboff\u00a0\u00bb da_dark_close=\u00a0\u00bboff\u00a0\u00bb da_not_modal=\u00a0\u00bbon\u00a0\u00bb da_is_singular=\u00a0\u00bboff\u00a0\u00bb da_with_loader=\u00a0\u00bboff\u00a0\u00bb da_has_shadow=\u00a0\u00bbon\u00a0\u00bb][et_pb_row _builder_version=\u00a0\u00bb4.27.4&Prime; _module_preset=\u00a0\u00bbdefault\u00a0\u00bb custom_padding=\u00a0\u00bb50px||0px||false|false\u00a0\u00bb border_width_top=\u00a0\u00bb1px\u00a0\u00bb border_color_top=\u00a0\u00bb#cccccc\u00a0\u00bb border_width_top_tablet=\u00a0\u00bb1px\u00a0\u00bb border_width_top_phone=\u00a0\u00bb0px\u00a0\u00bb border_width_top_last_edited=\u00a0\u00bbon|phone\u00a0\u00bb global_colors_info=\u00a0\u00bb{}\u00a0\u00bb][et_pb_column type=\u00a0\u00bb4_4&Prime; _builder_version=\u00a0\u00bb4.27.4&Prime; _module_preset=\u00a0\u00bbdefault\u00a0\u00bb global_colors_info=\u00a0\u00bb{}\u00a0\u00bb][et_pb_text _builder_version=\u00a0\u00bb4.27.4&Prime; _module_preset=\u00a0\u00bbdefault\u00a0\u00bb text_font=\u00a0\u00bbQuestrial|700|||||||\u00a0\u00bb text_text_color=\u00a0\u00bb#000000&Prime; text_font_size=\u00a0\u00bb40px\u00a0\u00bb text_line_height=\u00a0\u00bb1.2em\u00a0\u00bb header_3_font=\u00a0\u00bbManrope||||||||\u00a0\u00bb header_3_letter_spacing=\u00a0\u00bb-1px\u00a0\u00bb custom_margin=\u00a0\u00bb4px||-3px|||\u00a0\u00bb global_colors_info=\u00a0\u00bb{}\u00a0\u00bb]<\/p>\n<h3 class=\"p1\"><strong>Community | B2B Creators &amp; Brands<\/strong><\/h3>\n<h3 class=\"p1\"><\/h3>\n<p>[\/et_pb_text][\/et_pb_column][\/et_pb_row][et_pb_row column_structure=\u00a0\u00bb1_3,1_3,1_3&Prime; use_custom_gutter=\u00a0\u00bbon\u00a0\u00bb gutter_width=\u00a0\u00bb2&Prime; _builder_version=\u00a0\u00bb4.27.4&Prime; _module_preset=\u00a0\u00bbdefault\u00a0\u00bb background_color=\u00a0\u00bb#f7f7f7&Prime; height=\u00a0\u00bb575px\u00a0\u00bb border_radii=\u00a0\u00bbon|10px|10px|10px|10px\u00a0\u00bb global_colors_info=\u00a0\u00bb{}\u00a0\u00bb][et_pb_column type=\u00a0\u00bb1_3&Prime; _builder_version=\u00a0\u00bb4.27.4&Prime; _module_preset=\u00a0\u00bbdefault\u00a0\u00bb global_colors_info=\u00a0\u00bb{}\u00a0\u00bb][\/et_pb_column][et_pb_column type=\u00a0\u00bb1_3&Prime; _builder_version=\u00a0\u00bb4.27.4&Prime; _module_preset=\u00a0\u00bbdefault\u00a0\u00bb global_colors_info=\u00a0\u00bb{}\u00a0\u00bb][et_pb_text _builder_version=\u00a0\u00bb4.27.4&Prime; _module_preset=\u00a0\u00bbdefault\u00a0\u00bb position_origin_a=\u00a0\u00bbtop_center\u00a0\u00bb position_origin_f=\u00a0\u00bbcenter_center\u00a0\u00bb width=\u00a0\u00bb100%\u00a0\u00bb custom_margin=\u00a0\u00bb234px|||||\u00a0\u00bb global_colors_info=\u00a0\u00bb{}\u00a0\u00bb]<\/p>\n<p class=\"p1\" style=\"text-align: center;\"><b>Coming Soon: The Geminove Community for Jewelers &amp; Creators<\/b><\/p>\n<p>[\/et_pb_text][\/et_pb_column][et_pb_column type=\u00a0\u00bb1_3&Prime; _builder_version=\u00a0\u00bb4.27.4&Prime; _module_preset=\u00a0\u00bbdefault\u00a0\u00bb global_colors_info=\u00a0\u00bb{}\u00a0\u00bb][\/et_pb_column][\/et_pb_row][\/et_pb_section]<\/p>","protected":false},"excerpt":{"rendered":"<p>Geminove LearningExplorez des articles pens\u00e9s pour inspireret guider les bijoutiers.<\/p>","protected":false},"author":1,"featured_media":0,"parent":166,"menu_order":0,"comment_status":"closed","ping_status":"closed","template":"","meta":{"_et_pb_use_builder":"on","_et_pb_old_content":"","_et_gb_content_width":"","_joinchat":[],"footnotes":""},"class_list":["post-1355","page","type-page","status-publish","hentry"],"yoast_head":"<!-- This site is optimized with the Yoast SEO plugin v26.6 - https:\/\/yoast.com\/wordpress\/plugins\/seo\/ -->\n<title>Communaut\u00e9 | Cr\u00e9ateurs et Marques de Joaillerie \u00c9thique<\/title>\n<meta name=\"description\" content=\"Rejoignez la communaut\u00e9 Geminove : un espace d\u00e9di\u00e9 aux bijoutiers, cr\u00e9ateurs et marques qui fa\u00e7onnent l\u2019avenir du diamant de laboratoire.\" \/>\n<meta name=\"robots\" content=\"index, follow, max-snippet:-1, max-image-preview:large, max-video-preview:-1\" \/>\n<link rel=\"canonical\" href=\"https:\/\/geminove.com\/en\/blog\/communaute\/\" \/>\n<meta property=\"og:locale\" content=\"en_GB\" \/>\n<meta property=\"og:type\" content=\"article\" \/>\n<meta property=\"og:title\" content=\"Communaut\u00e9 | Cr\u00e9ateurs et Marques de Joaillerie \u00c9thique\" \/>\n<meta property=\"og:description\" content=\"Rejoignez la communaut\u00e9 Geminove : un espace d\u00e9di\u00e9 aux bijoutiers, cr\u00e9ateurs et marques qui fa\u00e7onnent l\u2019avenir du diamant de laboratoire.\" \/>\n<meta property=\"og:url\" content=\"https:\/\/geminove.com\/en\/blog\/communaute\/\" \/>\n<meta property=\"og:site_name\" content=\"Geminove\" \/>\n<meta property=\"article:modified_time\" content=\"2025-04-24T09:38:27+00:00\" \/>\n<meta name=\"twitter:card\" content=\"summary_large_image\" \/>\n<meta name=\"twitter:label1\" content=\"Estimated reading time\" \/>\n\t<meta name=\"twitter:data1\" content=\"1 minute\" \/>\n<script type=\"application\/ld+json\" class=\"yoast-schema-graph\">{\"@context\":\"https:\/\/schema.org\",\"@graph\":[{\"@type\":\"WebPage\",\"@id\":\"https:\/\/geminove.com\/blog\/communaute\/\",\"url\":\"https:\/\/geminove.com\/blog\/communaute\/\",\"name\":\"Communaut\u00e9 | Cr\u00e9ateurs et Marques de Joaillerie \u00c9thique\",\"isPartOf\":{\"@id\":\"https:\/\/geminove.com\/#website\"},\"datePublished\":\"2025-02-01T21:21:25+00:00\",\"dateModified\":\"2025-04-24T09:38:27+00:00\",\"description\":\"Rejoignez la communaut\u00e9 Geminove : un espace d\u00e9di\u00e9 aux bijoutiers, cr\u00e9ateurs et marques qui fa\u00e7onnent l\u2019avenir du diamant de laboratoire.\",\"breadcrumb\":{\"@id\":\"https:\/\/geminove.com\/blog\/communaute\/#breadcrumb\"},\"inLanguage\":\"en-GB\",\"potentialAction\":[{\"@type\":\"ReadAction\",\"target\":[\"https:\/\/geminove.com\/blog\/communaute\/\"]}]},{\"@type\":\"BreadcrumbList\",\"@id\":\"https:\/\/geminove.com\/blog\/communaute\/#breadcrumb\",\"itemListElement\":[{\"@type\":\"ListItem\",\"position\":1,\"name\":\"Accueil\",\"item\":\"https:\/\/geminove.com\/\"},{\"@type\":\"ListItem\",\"position\":2,\"name\":\"Blog\",\"item\":\"https:\/\/geminove.com\/blog\/\"},{\"@type\":\"ListItem\",\"position\":3,\"name\":\"Communaut\u00e9\"}]},{\"@type\":\"WebSite\",\"@id\":\"https:\/\/geminove.com\/#website\",\"url\":\"https:\/\/geminove.com\/\",\"name\":\"Geminove\",\"description\":\"Le diamant de demain, disponible aujourd\u2019hui.\",\"publisher\":{\"@id\":\"https:\/\/geminove.com\/#organization\"},\"potentialAction\":[{\"@type\":\"SearchAction\",\"target\":{\"@type\":\"EntryPoint\",\"urlTemplate\":\"https:\/\/geminove.com\/?s={search_term_string}\"},\"query-input\":{\"@type\":\"PropertyValueSpecification\",\"valueRequired\":true,\"valueName\":\"search_term_string\"}}],\"inLanguage\":\"en-GB\"},{\"@type\":\"Organization\",\"@id\":\"https:\/\/geminove.com\/#organization\",\"name\":\"Geminove\",\"url\":\"https:\/\/geminove.com\/\",\"logo\":{\"@type\":\"ImageObject\",\"inLanguage\":\"en-GB\",\"@id\":\"https:\/\/geminove.com\/#\/schema\/logo\/image\/\",\"url\":\"https:\/\/geminove.com\/wp-content\/uploads\/2025\/01\/GEMINOVE_LOGO.png\",\"contentUrl\":\"https:\/\/geminove.com\/wp-content\/uploads\/2025\/01\/GEMINOVE_LOGO.png\",\"width\":1021,\"height\":206,\"caption\":\"Geminove\"},\"image\":{\"@id\":\"https:\/\/geminove.com\/#\/schema\/logo\/image\/\"}}]}<\/script>\n<!-- \/ Yoast SEO plugin. -->","yoast_head_json":{"title":"Communaut\u00e9 | Cr\u00e9ateurs et Marques de Joaillerie \u00c9thique","description":"Rejoignez la communaut\u00e9 Geminove : un espace d\u00e9di\u00e9 aux bijoutiers, cr\u00e9ateurs et marques qui fa\u00e7onnent l\u2019avenir du diamant de laboratoire.","robots":{"index":"index","follow":"follow","max-snippet":"max-snippet:-1","max-image-preview":"max-image-preview:large","max-video-preview":"max-video-preview:-1"},"canonical":"https:\/\/geminove.com\/en\/blog\/communaute\/","og_locale":"en_GB","og_type":"article","og_title":"Communaut\u00e9 | Cr\u00e9ateurs et Marques de Joaillerie \u00c9thique","og_description":"Rejoignez la communaut\u00e9 Geminove : un espace d\u00e9di\u00e9 aux bijoutiers, cr\u00e9ateurs et marques qui fa\u00e7onnent l\u2019avenir du diamant de laboratoire.","og_url":"https:\/\/geminove.com\/en\/blog\/communaute\/","og_site_name":"Geminove","article_modified_time":"2025-04-24T09:38:27+00:00","twitter_card":"summary_large_image","twitter_misc":{"Estimated reading time":"1 minute"},"schema":{"@context":"https:\/\/schema.org","@graph":[{"@type":"WebPage","@id":"https:\/\/geminove.com\/blog\/communaute\/","url":"https:\/\/geminove.com\/blog\/communaute\/","name":"Communaut\u00e9 | Cr\u00e9ateurs et Marques de Joaillerie \u00c9thique","isPartOf":{"@id":"https:\/\/geminove.com\/#website"},"datePublished":"2025-02-01T21:21:25+00:00","dateModified":"2025-04-24T09:38:27+00:00","description":"Rejoignez la communaut\u00e9 Geminove : un espace d\u00e9di\u00e9 aux bijoutiers, cr\u00e9ateurs et marques qui fa\u00e7onnent l\u2019avenir du diamant de laboratoire.","breadcrumb":{"@id":"https:\/\/geminove.com\/blog\/communaute\/#breadcrumb"},"inLanguage":"en-GB","potentialAction":[{"@type":"ReadAction","target":["https:\/\/geminove.com\/blog\/communaute\/"]}]},{"@type":"BreadcrumbList","@id":"https:\/\/geminove.com\/blog\/communaute\/#breadcrumb","itemListElement":[{"@type":"ListItem","position":1,"name":"Accueil","item":"https:\/\/geminove.com\/"},{"@type":"ListItem","position":2,"name":"Blog","item":"https:\/\/geminove.com\/blog\/"},{"@type":"ListItem","position":3,"name":"Communaut\u00e9"}]},{"@type":"WebSite","@id":"https:\/\/geminove.com\/#website","url":"https:\/\/geminove.com\/","name":"Geminove","description":"Le diamant de demain, disponible aujourd\u2019hui.","publisher":{"@id":"https:\/\/geminove.com\/#organization"},"potentialAction":[{"@type":"SearchAction","target":{"@type":"EntryPoint","urlTemplate":"https:\/\/geminove.com\/?s={search_term_string}"},"query-input":{"@type":"PropertyValueSpecification","valueRequired":true,"valueName":"search_term_string"}}],"inLanguage":"en-GB"},{"@type":"Organization","@id":"https:\/\/geminove.com\/#organization","name":"Geminove","url":"https:\/\/geminove.com\/","logo":{"@type":"ImageObject","inLanguage":"en-GB","@id":"https:\/\/geminove.com\/#\/schema\/logo\/image\/","url":"https:\/\/geminove.com\/wp-content\/uploads\/2025\/01\/GEMINOVE_LOGO.png","contentUrl":"https:\/\/geminove.com\/wp-content\/uploads\/2025\/01\/GEMINOVE_LOGO.png","width":1021,"height":206,"caption":"Geminove"},"image":{"@id":"https:\/\/geminove.com\/#\/schema\/logo\/image\/"}}]}},"_links":{"self":[{"href":"https:\/\/geminove.com\/en\/wp-json\/wp\/v2\/pages\/1355","targetHints":{"allow":["GET"]}}],"collection":[{"href":"https:\/\/geminove.com\/en\/wp-json\/wp\/v2\/pages"}],"about":[{"href":"https:\/\/geminove.com\/en\/wp-json\/wp\/v2\/types\/page"}],"author":[{"embeddable":true,"href":"https:\/\/geminove.com\/en\/wp-json\/wp\/v2\/users\/1"}],"replies":[{"embeddable":true,"href":"https:\/\/geminove.com\/en\/wp-json\/wp\/v2\/comments?post=1355"}],"version-history":[{"count":9,"href":"https:\/\/geminove.com\/en\/wp-json\/wp\/v2\/pages\/1355\/revisions"}],"predecessor-version":[{"id":2117,"href":"https:\/\/geminove.com\/en\/wp-json\/wp\/v2\/pages\/1355\/revisions\/2117"}],"up":[{"embeddable":true,"href":"https:\/\/geminove.com\/en\/wp-json\/wp\/v2\/pages\/166"}],"wp:attachment":[{"href":"https:\/\/geminove.com\/en\/wp-json\/wp\/v2\/media?parent=1355"}],"curies":[{"name":"wp","href":"https:\/\/api.w.org\/{rel}","templated":true}]}}